{"id":4849,"date":"2024-10-01T20:15:09","date_gmt":"2024-10-01T18:15:09","guid":{"rendered":"https:\/\/www.museodeljamon.com\/tienda\/recorrido-iberico-de-bellota\/"},"modified":"2026-01-20T17:19:37","modified_gmt":"2026-01-20T16:19:37","slug":"recorrido-iberico-de-bellota","status":"publish","type":"product","link":"https:\/\/www.museodeljamon.com\/en\/store\/packs\/recorrido-iberico-de-bellota\/","title":{"rendered":"Recorrido Ib\u00e9rico Bellota (400 g of Ib\u00e9rico meats)"},"content":{"rendered":"<p>Recorrido Ib\u00e9rico (400 g pack) is the perfect choice for lovers of acorn-fed Ib\u00e9rico charcuterie. This pack presents a fine selection of acorn-fed Ib\u00e9rico meats, all thinly sliced for maximum convenience. Includes:<\/p>\n<p>&#8211; Sliced Acorn-Fed Ib\u00e9rico Chorizo (100 g): With a deep flavour and succulent textures, made from cured acorn-fed pork.<br \/>\n&#8211; Sliced Acorn-Fed Ib\u00e9rico Salchich\u00f3n (100 g): Offers a balanced flavour and a smooth texture, ideal for enjoying in thin slices.<br \/>\n-Sliced 50% Ib\u00e9rico Acorn-fed Jam\u00f3n (100 g): Presents an intense flavour and delicate texture resulting from the traditional curing process and acorn feed.<br \/>\n&#8211; <span style=\"font-weight: 400;\">Sliced <\/span>Acorn-Fed Ib\u00e9rico Loin (100 g): Combines a tender texture and robust flavour, perfect for a refined sampling menu.<\/p>\n<p>Ideal for tapas, sandwiches or as part of a charcuterie platter, this pack provides the full experience, combining the best of Ib\u00e9rico charcuterie in a practical format.<\/p>\n","protected":false},"excerpt":{"rendered":"<p>Recorrido Ib\u00e9rico (400 g pack) is the perfect choice for lovers of acorn-fed Ib\u00e9rico charcuterie. This pack presents a fine selection of acorn-fed Ib\u00e9rico meats, all thinly sliced for maximum convenience. Includes: &#8211; Sliced Acorn-Fed Ib\u00e9rico Chorizo (100 g): With a deep flavour and succulent textures, made from cured acorn-fed pork. &#8211; Sliced Acorn-Fed Ib\u00e9rico &#8230; <a title=\"Recorrido Ib\u00e9rico Bellota (400 g of Ib\u00e9rico meats)\" class=\"read-more\" href=\"https:\/\/www.museodeljamon.com\/en\/store\/packs\/recorrido-iberico-de-bellota\/\" aria-label=\"Read more about Recorrido Ib\u00e9rico Bellota (400 g of Ib\u00e9rico meats)\">Read more<\/a><\/p>\n","protected":false},"featured_media":9665,"template":"","meta":[],"product_brand":[],"product_cat":[92],"product_tag":[],"class_list":{"0":"post-4849","1":"product","2":"type-product","3":"status-publish","4":"has-post-thumbnail","6":"product_cat-packs","7":"sales-flash-overlay","8":"woocommerce-text-align-center","9":"woocommerce-image-align-center","10":"do-quantity-buttons","11":"wc-has-gallery","13":"first","14":"instock","15":"featured","16":"taxable","17":"shipping-taxable","18":"purchasable","19":"product-type-simple"},"bundled_by":[],"bundle_stock_status":"instock","bundle_stock_quantity":null,"bundle_virtual":false,"bundle_layout":"","bundle_add_to_cart_form_location":"","bundle_editable_in_cart":false,"bundle_sold_individually_context":"","bundle_item_grouping":"","bundle_min_size":"","bundle_max_size":"","bundle_price":[],"bundled_items":[],"bundle_sell_ids":[],"_links":{"self":[{"href":"https:\/\/www.museodeljamon.com\/en\/wp-json\/wp\/v2\/product\/4849","targetHints":{"allow":["GET"]}}],"collection":[{"href":"https:\/\/www.museodeljamon.com\/en\/wp-json\/wp\/v2\/product"}],"about":[{"href":"https:\/\/www.museodeljamon.com\/en\/wp-json\/wp\/v2\/types\/product"}],"wp:featuredmedia":[{"embeddable":true,"href":"https:\/\/www.museodeljamon.com\/en\/wp-json\/wp\/v2\/media\/9665"}],"wp:attachment":[{"href":"https:\/\/www.museodeljamon.com\/en\/wp-json\/wp\/v2\/media?parent=4849"}],"wp:term":[{"taxonomy":"product_brand","embeddable":true,"href":"https:\/\/www.museodeljamon.com\/en\/wp-json\/wp\/v2\/product_brand?post=4849"},{"taxonomy":"product_cat","embeddable":true,"href":"https:\/\/www.museodeljamon.com\/en\/wp-json\/wp\/v2\/product_cat?post=4849"},{"taxonomy":"product_tag","embeddable":true,"href":"https:\/\/www.museodeljamon.com\/en\/wp-json\/wp\/v2\/product_tag?post=4849"}],"curies":[{"name":"wp","href":"https:\/\/api.w.org\/{rel}","templated":true}]}}