{"id":4850,"date":"2024-10-01T20:17:58","date_gmt":"2024-10-01T18:17:58","guid":{"rendered":"https:\/\/www.museodeljamon.com\/tienda\/recorrido-jamonero-original\/"},"modified":"2026-01-20T17:14:24","modified_gmt":"2026-01-20T16:14:24","slug":"recorrido-jamonero-original","status":"publish","type":"product","link":"https:\/\/www.museodeljamon.com\/en\/store\/packs\/recorrido-jamonero-original\/","title":{"rendered":"Recorrido Jamonero Original (300 g of Jam\u00f3n)"},"content":{"rendered":"<p>Recorrido Jamonero (Original) offers a selection of three types of Jamones, each one thinly sliced to enjoy its unique flavour:<\/p>\n<p>Includes T\u00edo Felipe Jam\u00f3n, <span data-olk-copy-source=\"MessageBody\">50% Ib\u00e9rico \u2013 Grain-Fed Jam\u00f3n <\/span>and <span data-olk-copy-source=\"MessageBody\">50% Ib\u00e9rico \u2013 Acorn-Fed Jam\u00f3n<\/span><\/p>\n<p>&#8211; Sliced T\u00edo Felipe Jam\u00f3n (100 g): A high-quality serrano Jam\u00f3n cured to perfection to offer a classic taste and firm texture.<br \/>\n&#8211; Sliced <span data-olk-copy-source=\"MessageBody\">50% Ib\u00e9rico \u2013 Grain-Fed Jam\u00f3n <\/span>(100 g): With a more intense flavour and a more tender texture, due to the rearing of the Ib\u00e9rico crossbreed.<br \/>\n&#8211; <span data-olk-copy-source=\"MessageBody\">50% Ib\u00e9rico \u2013 Acorn-Fed Jam\u00f3n<\/span> (100 g): Stands out for its deep flavour and delicate texture, obtained from acorn-fed pigs.<\/p>\n<p>Ideal for a varied and delicious tasting experience. For daily consumption, special occasions or gifts.<\/p>\n","protected":false},"excerpt":{"rendered":"<p>Recorrido Jamonero (Original) offers a selection of three types of Jamones, each one thinly sliced to enjoy its unique flavour: Includes T\u00edo Felipe Jam\u00f3n, 50% Ib\u00e9rico \u2013 Grain-Fed Jam\u00f3n and 50% Ib\u00e9rico \u2013 Acorn-Fed Jam\u00f3n &#8211; Sliced T\u00edo Felipe Jam\u00f3n (100 g): A high-quality serrano Jam\u00f3n cured to perfection to offer a classic taste and &#8230; <a title=\"Recorrido Jamonero Original (300 g of Jam\u00f3n)\" class=\"read-more\" href=\"https:\/\/www.museodeljamon.com\/en\/store\/packs\/recorrido-jamonero-original\/\" aria-label=\"Read more about Recorrido Jamonero Original (300 g of Jam\u00f3n)\">Read more<\/a><\/p>\n","protected":false},"featured_media":9667,"template":"","meta":[],"product_brand":[],"product_cat":[92],"product_tag":[],"class_list":{"0":"post-4850","1":"product","2":"type-product","3":"status-publish","4":"has-post-thumbnail","6":"product_cat-packs","7":"sales-flash-overlay","8":"woocommerce-text-align-center","9":"woocommerce-image-align-center","10":"do-quantity-buttons","11":"wc-has-gallery","13":"first","14":"instock","15":"featured","16":"taxable","17":"shipping-taxable","18":"purchasable","19":"product-type-simple"},"bundled_by":[],"bundle_stock_status":"instock","bundle_stock_quantity":null,"bundle_virtual":false,"bundle_layout":"","bundle_add_to_cart_form_location":"","bundle_editable_in_cart":false,"bundle_sold_individually_context":"","bundle_item_grouping":"","bundle_min_size":"","bundle_max_size":"","bundle_price":[],"bundled_items":[],"bundle_sell_ids":[],"_links":{"self":[{"href":"https:\/\/www.museodeljamon.com\/en\/wp-json\/wp\/v2\/product\/4850","targetHints":{"allow":["GET"]}}],"collection":[{"href":"https:\/\/www.museodeljamon.com\/en\/wp-json\/wp\/v2\/product"}],"about":[{"href":"https:\/\/www.museodeljamon.com\/en\/wp-json\/wp\/v2\/types\/product"}],"wp:featuredmedia":[{"embeddable":true,"href":"https:\/\/www.museodeljamon.com\/en\/wp-json\/wp\/v2\/media\/9667"}],"wp:attachment":[{"href":"https:\/\/www.museodeljamon.com\/en\/wp-json\/wp\/v2\/media?parent=4850"}],"wp:term":[{"taxonomy":"product_brand","embeddable":true,"href":"https:\/\/www.museodeljamon.com\/en\/wp-json\/wp\/v2\/product_brand?post=4850"},{"taxonomy":"product_cat","embeddable":true,"href":"https:\/\/www.museodeljamon.com\/en\/wp-json\/wp\/v2\/product_cat?post=4850"},{"taxonomy":"product_tag","embeddable":true,"href":"https:\/\/www.museodeljamon.com\/en\/wp-json\/wp\/v2\/product_tag?post=4850"}],"curies":[{"name":"wp","href":"https:\/\/api.w.org\/{rel}","templated":true}]}}