{"id":8761,"date":"2025-11-19T12:56:51","date_gmt":"2025-11-19T11:56:51","guid":{"rendered":"https:\/\/www.museodeljamon.com\/tienda\/uncategorized\/lote-4\/"},"modified":"2026-01-20T17:16:42","modified_gmt":"2026-01-20T16:16:42","slug":"lote-4","status":"publish","type":"product","link":"https:\/\/www.museodeljamon.com\/en\/store\/christmas-hampers\/lote-4\/","title":{"rendered":"Lote 4"},"content":{"rendered":"<p>The <strong>Lote 4<\/strong> is a complete selection that combines all three jam\u00f3n tasting experiences, offering a full journey through every type of jam\u00f3n. It includes sliced jam\u00f3n packs, Ib\u00e9rico sausages, and three bottles of Museo del Jam\u00f3n red wine (D.O. Valdepe\u00f1as). A generous and perfect set for those seeking to enjoy a complete gastronomic experience.<\/p>\n<p><strong>Contents of Lote 4:<\/strong><\/p>\n<ul>\n<li>Recorrido Jamonero Original\n<ul>\n<li>1 pack of \u201cT\u00edo Felipe\u201d Jam\u00f3n (100 g)<\/li>\n<li>1 pack of 50% Ib\u00e9rico Grain-fed Jam\u00f3n (100 g)<\/li>\n<li>1 pack of 50% Ib\u00e9rico Acorn-fed Jam\u00f3n (100 g)<\/li>\n<\/ul>\n<\/li>\n<li>Recorrido Ib\u00e9rico Bellota\n<ul>\n<li>1 pack of 50% Ib\u00e9rico Acorn-fed Jam\u00f3n (100 g)<\/li>\n<li>1 pack of Acorn-fed Ib\u00e9rico Chorizo (100 g)<\/li>\n<li>1 pack of Acorn-fed Ib\u00e9rico Salchich\u00f3n (100 g)<\/li>\n<li>1 pack of Acorn-fed Ib\u00e9rico Loin (100 g)<\/li>\n<\/ul>\n<\/li>\n<li>Recorrido Jamonero Selecci\u00f3n\n<ul>\n<li>1 pack of Duroc Jam\u00f3n (100 g)<\/li>\n<li>1 pack of 50% Ib\u00e9rico Free-Range Grain-fed Jam\u00f3n (100 g)<\/li>\n<li>1 pack of 75% Ib\u00e9rico Acorn-fed Jam\u00f3n (100 g)<\/li>\n<li>1 pack of 100% Ib\u00e9rico Acorn-fed Jam\u00f3n (100 g)<\/li>\n<\/ul>\n<\/li>\n<li>Other Products\n<ul>\n<li>3 bottles of \u201cMuseo del Jam\u00f3n\u201d Red Wine (D.O. Valdepe\u00f1as)<\/li>\n<li>Presentation: Pack Box 2 and 3-Bottle Box<\/li>\n<\/ul>\n<\/li>\n<\/ul>\n","protected":false},"excerpt":{"rendered":"<p>The Lote 4 is a complete selection that combines all three jam\u00f3n tasting experiences, offering a full journey through every type of jam\u00f3n. It includes sliced jam\u00f3n packs, Ib\u00e9rico sausages, and three bottles of Museo del Jam\u00f3n red wine (D.O. Valdepe\u00f1as). A generous and perfect set for those seeking to enjoy a complete gastronomic experience. &#8230; <a title=\"Lote 4\" class=\"read-more\" href=\"https:\/\/www.museodeljamon.com\/en\/store\/christmas-hampers\/lote-4\/\" aria-label=\"Read more about Lote 4\">Read more<\/a><\/p>\n","protected":false},"featured_media":8668,"template":"","meta":[],"product_brand":[],"product_cat":[63],"product_tag":[],"class_list":{"0":"post-8761","1":"product","2":"type-product","3":"status-publish","4":"has-post-thumbnail","6":"product_cat-christmas-hampers","7":"sales-flash-overlay","8":"woocommerce-text-align-center","9":"woocommerce-image-align-center","10":"do-quantity-buttons","11":"wc-has-gallery","13":"first","14":"instock","15":"taxable","16":"shipping-taxable","17":"purchasable","18":"product-type-bundle"},"bundled_by":[],"bundle_stock_status":"instock","bundle_stock_quantity":"","bundle_virtual":false,"bundle_layout":"default","bundle_add_to_cart_form_location":"default","bundle_editable_in_cart":false,"bundle_sold_individually_context":"product","bundle_item_grouping":"parent","bundle_min_size":"","bundle_max_size":"","bundle_price":{"price":{"min":{"incl_tax":"107","excl_tax":"96.01"},"max":{"incl_tax":"107","excl_tax":"96.01"}},"regular_price":{"min":{"incl_tax":"107","excl_tax":"96.01"},"max":{"incl_tax":"107","excl_tax":"96.01"}}},"bundled_items":[{"bundled_item_id":170,"product_id":8755,"menu_order":0,"quantity_min":1,"quantity_max":1,"quantity_default":1,"priced_individually":true,"shipped_individually":false,"override_title":false,"title":"Recorrido Jamonero Original Lote 4","override_description":false,"description":"Recorrido Jamonero Original Lote 4","optional":false,"hide_thumbnail":false,"discount":"","override_variations":false,"allowed_variations":[""],"override_default_variation_attributes":false,"default_variation_attributes":[],"single_product_visibility":"hidden","cart_visibility":"hidden","order_visibility":"visible","single_product_price_visibility":"hidden","cart_price_visibility":"hidden","order_price_visibility":"visible","stock_status":"in_stock"},{"bundled_item_id":171,"product_id":8756,"menu_order":1,"quantity_min":1,"quantity_max":1,"quantity_default":1,"priced_individually":true,"shipped_individually":false,"override_title":false,"title":"Recorrido Ib\u00e9rico Bellota Lote 4","override_description":false,"description":"Recorrido Ib\u00e9rico Bellota Lote 4","optional":false,"hide_thumbnail":false,"discount":"","override_variations":false,"allowed_variations":[""],"override_default_variation_attributes":false,"default_variation_attributes":[],"single_product_visibility":"hidden","cart_visibility":"hidden","order_visibility":"visible","single_product_price_visibility":"hidden","cart_price_visibility":"hidden","order_price_visibility":"visible","stock_status":"in_stock"},{"bundled_item_id":172,"product_id":8757,"menu_order":2,"quantity_min":1,"quantity_max":1,"quantity_default":1,"priced_individually":true,"shipped_individually":false,"override_title":false,"title":"Recorrido Jamonero Selecci\u00f3n Lote 4","override_description":false,"description":"Recorrido Jamonero Selecci\u00f3n Lote 4","optional":false,"hide_thumbnail":false,"discount":"","override_variations":false,"allowed_variations":[""],"override_default_variation_attributes":false,"default_variation_attributes":[],"single_product_visibility":"hidden","cart_visibility":"hidden","order_visibility":"visible","single_product_price_visibility":"visible","cart_price_visibility":"hidden","order_price_visibility":"visible","stock_status":"in_stock"},{"bundled_item_id":173,"product_id":8758,"menu_order":3,"quantity_min":1,"quantity_max":1,"quantity_default":1,"priced_individually":true,"shipped_individually":false,"override_title":false,"title":"3 bottles of \u201cMuseo del Jam\u00f3n\u201d Red Wine (D.O. Valdepe\u00f1as) Lote 4","override_description":false,"description":"3 bottles of \u201cMuseo del Jam\u00f3n\u201d Red Wine (D.O. Valdepe\u00f1as) Lote 4","optional":false,"hide_thumbnail":false,"discount":"","override_variations":false,"allowed_variations":[""],"override_default_variation_attributes":false,"default_variation_attributes":[],"single_product_visibility":"hidden","cart_visibility":"hidden","order_visibility":"visible","single_product_price_visibility":"hidden","cart_price_visibility":"hidden","order_price_visibility":"visible","stock_status":"in_stock"},{"bundled_item_id":174,"product_id":8759,"menu_order":4,"quantity_min":1,"quantity_max":1,"quantity_default":1,"priced_individually":true,"shipped_individually":false,"override_title":false,"title":"3-bottle box Lote 4","override_description":false,"description":"3-bottle box Lote 4","optional":false,"hide_thumbnail":false,"discount":"","override_variations":false,"allowed_variations":[""],"override_default_variation_attributes":false,"default_variation_attributes":[],"single_product_visibility":"hidden","cart_visibility":"hidden","order_visibility":"visible","single_product_price_visibility":"hidden","cart_price_visibility":"hidden","order_price_visibility":"visible","stock_status":"in_stock"},{"bundled_item_id":175,"product_id":8760,"menu_order":5,"quantity_min":1,"quantity_max":1,"quantity_default":1,"priced_individually":true,"shipped_individually":false,"override_title":false,"title":"Box Lote 4","override_description":false,"description":"Box Lote 4","optional":false,"hide_thumbnail":false,"discount":"","override_variations":false,"allowed_variations":[""],"override_default_variation_attributes":false,"default_variation_attributes":[],"single_product_visibility":"hidden","cart_visibility":"hidden","order_visibility":"visible","single_product_price_visibility":"hidden","cart_price_visibility":"hidden","order_price_visibility":"visible","stock_status":"in_stock"}],"bundle_sell_ids":[],"_links":{"self":[{"href":"https:\/\/www.museodeljamon.com\/en\/wp-json\/wp\/v2\/product\/8761","targetHints":{"allow":["GET"]}}],"collection":[{"href":"https:\/\/www.museodeljamon.com\/en\/wp-json\/wp\/v2\/product"}],"about":[{"href":"https:\/\/www.museodeljamon.com\/en\/wp-json\/wp\/v2\/types\/product"}],"wp:featuredmedia":[{"embeddable":true,"href":"https:\/\/www.museodeljamon.com\/en\/wp-json\/wp\/v2\/media\/8668"}],"wp:attachment":[{"href":"https:\/\/www.museodeljamon.com\/en\/wp-json\/wp\/v2\/media?parent=8761"}],"wp:term":[{"taxonomy":"product_brand","embeddable":true,"href":"https:\/\/www.museodeljamon.com\/en\/wp-json\/wp\/v2\/product_brand?post=8761"},{"taxonomy":"product_cat","embeddable":true,"href":"https:\/\/www.museodeljamon.com\/en\/wp-json\/wp\/v2\/product_cat?post=8761"},{"taxonomy":"product_tag","embeddable":true,"href":"https:\/\/www.museodeljamon.com\/en\/wp-json\/wp\/v2\/product_tag?post=8761"}],"curies":[{"name":"wp","href":"https:\/\/api.w.org\/{rel}","templated":true}]}}