{"id":8770,"date":"2025-11-19T13:40:37","date_gmt":"2025-11-19T12:40:37","guid":{"rendered":"https:\/\/www.museodeljamon.com\/tienda\/uncategorized\/lote-5a\/"},"modified":"2026-01-20T17:17:18","modified_gmt":"2026-01-20T16:17:18","slug":"lote-5a","status":"publish","type":"product","link":"https:\/\/www.museodeljamon.com\/en\/store\/christmas-hampers\/lote-5a\/","title":{"rendered":"Lote 5A"},"content":{"rendered":"<p>The <strong>Lote 5A<\/strong> is a complete and traditional set that features a high-quality 50% Duroc jam\u00f3n leg, accompanied by products ideal for a varied tasting experience. The aged cheese, quince paste, and half piece of Ib\u00e9rico acorn-fed sausage (choice of salchich\u00f3n or chorizo) provide a balanced combination of intense flavors and sweet notes. The set is complemented by two selected wines: a Museo del Jam\u00f3n red wine (D.O. Valdepe\u00f1as) and a Castillo de Aza Verdejo white wine (D.O. Rueda), creating a versatile combination perfect for special occasions.<\/p>\n<p><strong>Contents of Lote 5A:<\/strong><\/p>\n<ul>\n<li>1 50% Duroc Jam\u00f3n Leg (8\u20138.5 kg)<\/li>\n<li>1 wedge of aged sheep\u2019s cheese (approx. 400 g)<\/li>\n<li>1 box of quince paste (400 g)<\/li>\n<li>1 bottle of \u201cMuseo del Jam\u00f3n\u201d Red Wine (D.O. Valdepe\u00f1as)<\/li>\n<li>1 bottle of Castillo de Aza White Wine (D.O. Rueda)<\/li>\n<li>1 half piece of Acorn-Fed Ib\u00e9rico Salchich\u00f3n or Acorn-Fed Ib\u00e9rico Chorizo (approx. 600\u2013700 g)<\/li>\n<li>Presentation: Pack Box 4 (90\u00d715\u00d730 cm) + 3-Bottle Box (10\u00d727\u00d730 cm)<\/li>\n<\/ul>\n<p><span style=\"color: #9a1c1d;\"><strong><em>*Please indicate in the order notes that appear at the end of the order the desired option for the half piece: Iberian acorn-fed salchich\u00f3n or Iberian acorn-fed chorizo.<\/em><\/strong><\/span><\/p>\n","protected":false},"excerpt":{"rendered":"<p>The Lote 5A is a complete and traditional set that features a high-quality 50% Duroc jam\u00f3n leg, accompanied by products ideal for a varied tasting experience. The aged cheese, quince paste, and half piece of Ib\u00e9rico acorn-fed sausage (choice of salchich\u00f3n or chorizo) provide a balanced combination of intense flavors and sweet notes. The set &#8230; <a title=\"Lote 5A\" class=\"read-more\" href=\"https:\/\/www.museodeljamon.com\/en\/store\/christmas-hampers\/lote-5a\/\" aria-label=\"Read more about Lote 5A\">Read more<\/a><\/p>\n","protected":false},"featured_media":8983,"template":"","meta":[],"product_brand":[],"product_cat":[63],"product_tag":[],"class_list":{"0":"post-8770","1":"product","2":"type-product","3":"status-publish","4":"has-post-thumbnail","6":"product_cat-christmas-hampers","7":"sales-flash-overlay","8":"woocommerce-text-align-center","9":"woocommerce-image-align-center","10":"do-quantity-buttons","11":"wc-has-gallery","13":"first","14":"instock","15":"taxable","16":"shipping-taxable","17":"purchasable","18":"product-type-bundle"},"bundled_by":[],"bundle_stock_status":"instock","bundle_stock_quantity":"","bundle_virtual":false,"bundle_layout":"default","bundle_add_to_cart_form_location":"default","bundle_editable_in_cart":false,"bundle_sold_individually_context":"product","bundle_item_grouping":"parent","bundle_min_size":"","bundle_max_size":"","bundle_price":{"price":{"min":{"incl_tax":"150","excl_tax":"135.52"},"max":{"incl_tax":"150","excl_tax":"135.52"}},"regular_price":{"min":{"incl_tax":"150","excl_tax":"135.52"},"max":{"incl_tax":"150","excl_tax":"135.52"}}},"bundled_items":[{"bundled_item_id":176,"product_id":8762,"menu_order":0,"quantity_min":1,"quantity_max":1,"quantity_default":1,"priced_individually":true,"shipped_individually":false,"override_title":false,"title":"50% Duroc Jam\u00f3n Leg (8-8.5 kg) Lote 5A","override_description":false,"description":"50% Duroc Jam\u00f3n Leg (8-8.5 kg) Lote 5A","optional":false,"hide_thumbnail":false,"discount":"","override_variations":false,"allowed_variations":[""],"override_default_variation_attributes":false,"default_variation_attributes":[],"single_product_visibility":"hidden","cart_visibility":"hidden","order_visibility":"visible","single_product_price_visibility":"hidden","cart_price_visibility":"hidden","order_price_visibility":"visible","stock_status":"in_stock"},{"bundled_item_id":177,"product_id":8763,"menu_order":1,"quantity_min":1,"quantity_max":1,"quantity_default":1,"priced_individually":true,"shipped_individually":false,"override_title":false,"title":"Wedge of aged sheep\u2019s cheese (approx. 400 g) Lote 5A","override_description":false,"description":"Wedge of aged sheep\u2019s cheese (approx. 400 g) Lote 5A","optional":false,"hide_thumbnail":false,"discount":"","override_variations":false,"allowed_variations":[""],"override_default_variation_attributes":false,"default_variation_attributes":[],"single_product_visibility":"hidden","cart_visibility":"hidden","order_visibility":"visible","single_product_price_visibility":"hidden","cart_price_visibility":"hidden","order_price_visibility":"visible","stock_status":"in_stock"},{"bundled_item_id":178,"product_id":8764,"menu_order":2,"quantity_min":1,"quantity_max":1,"quantity_default":1,"priced_individually":true,"shipped_individually":false,"override_title":false,"title":"Box of quince paste (400 g) Lote 5A","override_description":false,"description":"Box of quince paste (400 g) Lote 5A","optional":false,"hide_thumbnail":false,"discount":"","override_variations":false,"allowed_variations":[""],"override_default_variation_attributes":false,"default_variation_attributes":[],"single_product_visibility":"hidden","cart_visibility":"hidden","order_visibility":"visible","single_product_price_visibility":"hidden","cart_price_visibility":"hidden","order_price_visibility":"visible","stock_status":"in_stock"},{"bundled_item_id":179,"product_id":8765,"menu_order":3,"quantity_min":1,"quantity_max":1,"quantity_default":1,"priced_individually":true,"shipped_individually":false,"override_title":false,"title":"Bottle of \u201cMuseo del Jam\u00f3n\u201d Red Wine (D.O. Valdepe\u00f1as) Lote 5A","override_description":false,"description":"Bottle of \u201cMuseo del Jam\u00f3n\u201d Red Wine (D.O. Valdepe\u00f1as) Lote 5A","optional":false,"hide_thumbnail":false,"discount":"","override_variations":false,"allowed_variations":[""],"override_default_variation_attributes":false,"default_variation_attributes":[],"single_product_visibility":"hidden","cart_visibility":"hidden","order_visibility":"visible","single_product_price_visibility":"hidden","cart_price_visibility":"hidden","order_price_visibility":"visible","stock_status":"in_stock"},{"bundled_item_id":180,"product_id":8766,"menu_order":4,"quantity_min":1,"quantity_max":1,"quantity_default":1,"priced_individually":true,"shipped_individually":false,"override_title":false,"title":"Bottle of Castillo de Aza White Wine (D.O. Rueda) Lote 5A","override_description":false,"description":"Bottle of Castillo de Aza White Wine (D.O. Rueda) Lote 5A","optional":false,"hide_thumbnail":false,"discount":"","override_variations":false,"allowed_variations":[""],"override_default_variation_attributes":false,"default_variation_attributes":[],"single_product_visibility":"hidden","cart_visibility":"hidden","order_visibility":"visible","single_product_price_visibility":"hidden","cart_price_visibility":"hidden","order_price_visibility":"visible","stock_status":"in_stock"},{"bundled_item_id":181,"product_id":8767,"menu_order":5,"quantity_min":1,"quantity_max":1,"quantity_default":1,"priced_individually":true,"shipped_individually":false,"override_title":false,"title":"Half piece of Acorn-Fed Ib\u00e9rico Salchich\u00f3n or Acorn-Fed Ib\u00e9rico Chorizo (approx. 600\u2013700 g) Lote 5A","override_description":false,"description":"Half piece of Acorn-Fed Ib\u00e9rico Salchich\u00f3n or Acorn-Fed Ib\u00e9rico Chorizo (approx. 600\u2013700 g) Lote 5A","optional":false,"hide_thumbnail":false,"discount":"","override_variations":false,"allowed_variations":[""],"override_default_variation_attributes":false,"default_variation_attributes":[],"single_product_visibility":"hidden","cart_visibility":"hidden","order_visibility":"visible","single_product_price_visibility":"hidden","cart_price_visibility":"hidden","order_price_visibility":"visible","stock_status":"in_stock"},{"bundled_item_id":182,"product_id":8768,"menu_order":6,"quantity_min":1,"quantity_max":1,"quantity_default":1,"priced_individually":true,"shipped_individually":false,"override_title":false,"title":"3-bottle box + Box Lote 5A","override_description":false,"description":"3-bottle box + Box Lote 5A","optional":false,"hide_thumbnail":false,"discount":"","override_variations":false,"allowed_variations":[""],"override_default_variation_attributes":false,"default_variation_attributes":[],"single_product_visibility":"hidden","cart_visibility":"hidden","order_visibility":"visible","single_product_price_visibility":"hidden","cart_price_visibility":"hidden","order_price_visibility":"visible","stock_status":"in_stock"}],"bundle_sell_ids":[],"_links":{"self":[{"href":"https:\/\/www.museodeljamon.com\/en\/wp-json\/wp\/v2\/product\/8770","targetHints":{"allow":["GET"]}}],"collection":[{"href":"https:\/\/www.museodeljamon.com\/en\/wp-json\/wp\/v2\/product"}],"about":[{"href":"https:\/\/www.museodeljamon.com\/en\/wp-json\/wp\/v2\/types\/product"}],"wp:featuredmedia":[{"embeddable":true,"href":"https:\/\/www.museodeljamon.com\/en\/wp-json\/wp\/v2\/media\/8983"}],"wp:attachment":[{"href":"https:\/\/www.museodeljamon.com\/en\/wp-json\/wp\/v2\/media?parent=8770"}],"wp:term":[{"taxonomy":"product_brand","embeddable":true,"href":"https:\/\/www.museodeljamon.com\/en\/wp-json\/wp\/v2\/product_brand?post=8770"},{"taxonomy":"product_cat","embeddable":true,"href":"https:\/\/www.museodeljamon.com\/en\/wp-json\/wp\/v2\/product_cat?post=8770"},{"taxonomy":"product_tag","embeddable":true,"href":"https:\/\/www.museodeljamon.com\/en\/wp-json\/wp\/v2\/product_tag?post=8770"}],"curies":[{"name":"wp","href":"https:\/\/api.w.org\/{rel}","templated":true}]}}