{"id":8778,"date":"2025-11-19T14:15:34","date_gmt":"2025-11-19T13:15:34","guid":{"rendered":"https:\/\/www.museodeljamon.com\/tienda\/uncategorized\/lote-5b\/"},"modified":"2025-11-21T14:50:52","modified_gmt":"2025-11-21T13:50:52","slug":"lote-5b","status":"publish","type":"product","link":"https:\/\/www.museodeljamon.com\/en\/store\/christmas-hampers\/lote-5b\/","title":{"rendered":"Lote 5B"},"content":{"rendered":"<p>The <strong>Lote 5B<\/strong> is a complete and traditional set that features a high-quality 50% Ib\u00e9rico Grain-fed jam\u00f3n leg, accompanied by products ideal for a varied tasting experience. The aged cheese, quince paste, and the half piece of Ib\u00e9rico acorn-fed sausage (choice of salchich\u00f3n or chorizo) provide a balanced combination of intense flavors and sweet notes. The set is complemented by two selected wines: a Museo del Jam\u00f3n red wine (D.O. Valdepe\u00f1as) and a Castillo de Aza Verdejo white wine (D.O. Rueda), creating a versatile and perfect combination for special occasions.<\/p>\n<p><strong>Contents of Lote 5B:<\/strong><\/p>\n<ul>\n<li>1 50% Ib\u00e9rico Grain-fed Jam\u00f3n Leg (approx. 8 kg)<\/li>\n<li>1 wedge of aged sheep\u2019s cheese (approx. 400 g)<\/li>\n<li>1 box of quince paste (400 g)<\/li>\n<li>1 bottle of \u201cMuseo del Jam\u00f3n\u201d Red Wine (D.O. Valdepe\u00f1as)<\/li>\n<li>1 bottle of Castillo de Aza White Wine (D.O. Rueda)<\/li>\n<li>1 half piece of Acorn-Fed Ib\u00e9rico Salchich\u00f3n or Acorn-Fed Ib\u00e9rico Chorizo (approx. 600\u2013700 g)<\/li>\n<li>Presentation: Pack Box 4 (90\u00d715\u00d730 cm) + 3-Bottle Box (10\u00d727\u00d730 cm)<\/li>\n<\/ul>\n<p><span style=\"color: #9a1c1d;\"><strong><em>*Please indicate in the order notes that appear at the end of the order the desired option for the half piece: Iberian acorn-fed salchich\u00f3n or Iberian acorn-fed chorizo.<\/em><\/strong><\/span><\/p>\n","protected":false},"excerpt":{"rendered":"<p>The Lote 5B is a complete and traditional set that features a high-quality 50% Ib\u00e9rico Grain-fed jam\u00f3n leg, accompanied by products ideal for a varied tasting experience. The aged cheese, quince paste, and the half piece of Ib\u00e9rico acorn-fed sausage (choice of salchich\u00f3n or chorizo) provide a balanced combination of intense flavors and sweet notes. &#8230; <a title=\"Lote 5B\" class=\"read-more\" href=\"https:\/\/www.museodeljamon.com\/en\/store\/christmas-hampers\/lote-5b\/\" aria-label=\"Read more about Lote 5B\">Read more<\/a><\/p>\n","protected":false},"featured_media":8985,"template":"","meta":[],"product_brand":[],"product_cat":[63],"product_tag":[],"class_list":{"0":"post-8778","1":"product","2":"type-product","3":"status-publish","4":"has-post-thumbnail","6":"product_cat-christmas-hampers","7":"sales-flash-overlay","8":"woocommerce-text-align-center","9":"woocommerce-image-align-center","10":"do-quantity-buttons","11":"wc-has-gallery","13":"first","14":"instock","15":"taxable","16":"shipping-taxable","17":"purchasable","18":"product-type-bundle"},"bundled_by":[],"bundle_stock_status":"instock","bundle_stock_quantity":"","bundle_virtual":false,"bundle_layout":"default","bundle_add_to_cart_form_location":"default","bundle_editable_in_cart":false,"bundle_sold_individually_context":"product","bundle_item_grouping":"parent","bundle_min_size":"","bundle_max_size":"","bundle_price":{"price":{"min":{"incl_tax":"196","excl_tax":"177.43"},"max":{"incl_tax":"196","excl_tax":"177.43"}},"regular_price":{"min":{"incl_tax":"196","excl_tax":"177.43"},"max":{"incl_tax":"196","excl_tax":"177.43"}}},"bundled_items":[{"bundled_item_id":183,"product_id":8771,"menu_order":0,"quantity_min":1,"quantity_max":1,"quantity_default":1,"priced_individually":true,"shipped_individually":false,"override_title":false,"title":"50% Ib\u00e9rico Grain-fed Jam\u00f3n Leg (8 kg) Lote 5B","override_description":false,"description":"50% Ib\u00e9rico Grain-fed Jam\u00f3n Leg (8 kg) Lote 5B","optional":false,"hide_thumbnail":false,"discount":"","override_variations":false,"allowed_variations":[""],"override_default_variation_attributes":false,"default_variation_attributes":[],"single_product_visibility":"hidden","cart_visibility":"hidden","order_visibility":"visible","single_product_price_visibility":"hidden","cart_price_visibility":"hidden","order_price_visibility":"visible","stock_status":"in_stock"},{"bundled_item_id":184,"product_id":8772,"menu_order":1,"quantity_min":1,"quantity_max":1,"quantity_default":1,"priced_individually":true,"shipped_individually":false,"override_title":false,"title":"Wedge of aged sheep\u2019s cheese (approx. 400 g) Lote 5B","override_description":false,"description":"Wedge of aged sheep\u2019s cheese (approx. 400 g) Lote 5B","optional":false,"hide_thumbnail":false,"discount":"","override_variations":false,"allowed_variations":[""],"override_default_variation_attributes":false,"default_variation_attributes":[],"single_product_visibility":"hidden","cart_visibility":"hidden","order_visibility":"visible","single_product_price_visibility":"hidden","cart_price_visibility":"hidden","order_price_visibility":"visible","stock_status":"in_stock"},{"bundled_item_id":185,"product_id":8773,"menu_order":2,"quantity_min":1,"quantity_max":1,"quantity_default":1,"priced_individually":true,"shipped_individually":false,"override_title":false,"title":"Box of quince paste (400 g) Lote 5B","override_description":false,"description":"Box of quince paste (400 g) Lote 5B","optional":false,"hide_thumbnail":false,"discount":"","override_variations":false,"allowed_variations":[""],"override_default_variation_attributes":false,"default_variation_attributes":[],"single_product_visibility":"hidden","cart_visibility":"hidden","order_visibility":"visible","single_product_price_visibility":"hidden","cart_price_visibility":"hidden","order_price_visibility":"visible","stock_status":"in_stock"},{"bundled_item_id":186,"product_id":8774,"menu_order":3,"quantity_min":1,"quantity_max":1,"quantity_default":1,"priced_individually":true,"shipped_individually":false,"override_title":false,"title":"Bottle of \u201cMuseo del Jam\u00f3n\u201d Red Wine (D.O. Valdepe\u00f1as) Lote 5B","override_description":false,"description":"Bottle of \u201cMuseo del Jam\u00f3n\u201d Red Wine (D.O. Valdepe\u00f1as) Lote 5B","optional":false,"hide_thumbnail":false,"discount":"","override_variations":false,"allowed_variations":[""],"override_default_variation_attributes":false,"default_variation_attributes":[],"single_product_visibility":"hidden","cart_visibility":"hidden","order_visibility":"visible","single_product_price_visibility":"hidden","cart_price_visibility":"hidden","order_price_visibility":"visible","stock_status":"in_stock"},{"bundled_item_id":187,"product_id":8775,"menu_order":4,"quantity_min":1,"quantity_max":1,"quantity_default":1,"priced_individually":true,"shipped_individually":false,"override_title":false,"title":"Bottle of Castillo de Aza White Wine (D.O. Rueda) Lote 5B","override_description":false,"description":"Bottle of Castillo de Aza White Wine (D.O. Rueda) Lote 5B","optional":false,"hide_thumbnail":false,"discount":"","override_variations":false,"allowed_variations":[""],"override_default_variation_attributes":false,"default_variation_attributes":[],"single_product_visibility":"hidden","cart_visibility":"hidden","order_visibility":"visible","single_product_price_visibility":"hidden","cart_price_visibility":"hidden","order_price_visibility":"visible","stock_status":"in_stock"},{"bundled_item_id":188,"product_id":8776,"menu_order":5,"quantity_min":1,"quantity_max":1,"quantity_default":1,"priced_individually":true,"shipped_individually":false,"override_title":false,"title":"Half piece of Acorn-Fed Ib\u00e9rico Salchich\u00f3n or Acorn-Fed Ib\u00e9rico Chorizo (approx. 600\u2013700 g) Lote 5B","override_description":false,"description":"Half piece of Acorn-Fed Ib\u00e9rico Salchich\u00f3n or Acorn-Fed Ib\u00e9rico Chorizo (approx. 600\u2013700 g) Lote 5B","optional":false,"hide_thumbnail":false,"discount":"","override_variations":false,"allowed_variations":[""],"override_default_variation_attributes":false,"default_variation_attributes":[],"single_product_visibility":"hidden","cart_visibility":"hidden","order_visibility":"visible","single_product_price_visibility":"hidden","cart_price_visibility":"hidden","order_price_visibility":"visible","stock_status":"in_stock"},{"bundled_item_id":189,"product_id":8777,"menu_order":6,"quantity_min":1,"quantity_max":1,"quantity_default":1,"priced_individually":true,"shipped_individually":false,"override_title":false,"title":"3-bottle box + Box Lote 5B","override_description":false,"description":"3-bottle box + Box Lote 5B","optional":false,"hide_thumbnail":false,"discount":"","override_variations":false,"allowed_variations":[""],"override_default_variation_attributes":false,"default_variation_attributes":[],"single_product_visibility":"hidden","cart_visibility":"hidden","order_visibility":"visible","single_product_price_visibility":"hidden","cart_price_visibility":"hidden","order_price_visibility":"visible","stock_status":"in_stock"}],"bundle_sell_ids":[],"_links":{"self":[{"href":"https:\/\/www.museodeljamon.com\/en\/wp-json\/wp\/v2\/product\/8778","targetHints":{"allow":["GET"]}}],"collection":[{"href":"https:\/\/www.museodeljamon.com\/en\/wp-json\/wp\/v2\/product"}],"about":[{"href":"https:\/\/www.museodeljamon.com\/en\/wp-json\/wp\/v2\/types\/product"}],"wp:featuredmedia":[{"embeddable":true,"href":"https:\/\/www.museodeljamon.com\/en\/wp-json\/wp\/v2\/media\/8985"}],"wp:attachment":[{"href":"https:\/\/www.museodeljamon.com\/en\/wp-json\/wp\/v2\/media?parent=8778"}],"wp:term":[{"taxonomy":"product_brand","embeddable":true,"href":"https:\/\/www.museodeljamon.com\/en\/wp-json\/wp\/v2\/product_brand?post=8778"},{"taxonomy":"product_cat","embeddable":true,"href":"https:\/\/www.museodeljamon.com\/en\/wp-json\/wp\/v2\/product_cat?post=8778"},{"taxonomy":"product_tag","embeddable":true,"href":"https:\/\/www.museodeljamon.com\/en\/wp-json\/wp\/v2\/product_tag?post=8778"}],"curies":[{"name":"wp","href":"https:\/\/api.w.org\/{rel}","templated":true}]}}